{"id":17223,"date":"2022-03-03T08:36:14","date_gmt":"2022-03-03T05:36:14","guid":{"rendered":"https:\/\/karacatechnology.com\/blog\/"},"modified":"2025-03-21T05:48:14","modified_gmt":"2025-03-21T02:48:14","slug":"blog","status":"publish","type":"page","link":"https:\/\/karacatechnology.com\/en\/blog\/","title":{"rendered":"Blog"},"content":{"rendered":"\t\t<div data-elementor-type=\"wp-page\" data-elementor-id=\"17223\" class=\"elementor elementor-17223 elementor-101\">\n\t\t\t\t<div class=\"elementor-element elementor-element-80fe9ab e-flex e-con-boxed e-con e-parent\" data-id=\"80fe9ab\" data-element_type=\"container\" data-e-type=\"container\">\n\t\t\t\t\t<div class=\"e-con-inner\">\n\t\t\t\t<div class=\"elementor-element elementor-element-b97a199 elementor-widget elementor-widget-infetech_elementor_blog_modern\" data-id=\"b97a199\" data-element_type=\"widget\" data-e-type=\"widget\" data-widget_type=\"infetech_elementor_blog_modern.default\">\n\t\t\t\t<div class=\"elementor-widget-container\">\n\t\t\t\t\t\t\t\r\n\t\t<ul class=\"ova-blog-modern blog-template2 columns2\">\r\n\t\t\t\t\t\t\t<li class=\"item\">\r\n\r\n\t\t\t\t\t\r\n\t\t\t\t\t    <div class=\"media\">\r\n\t\t\t\t        \t\t\t\t\t        \t<a class=\"thumb-img\" href=\"https:\/\/karacatechnology.com\/en\/enhancing-customer-experience-in-restaurants-and-cafes-with-qr-menu-systems\/\" title=\"Enhancing Customer Experience in Restaurants and Cafes with QR Menu Systems\">\r\n\t\t\t\t        \t\t<img decoding=\"async\" src=\"https:\/\/karacatechnology.com\/wp-content\/uploads\/2025\/03\/qrmenu-blog1-768x660.webp\" alt=\"Enhancing Customer Experience in Restaurants and Cafes with QR Menu Systems\">\r\n\t\t\t\t        \t\t<span class=\"ova-plus\"><\/span>\r\n\t\t\t\t        \t<\/a>\r\n\r\n\t\t\t\t\t\t\t\t\t\t\t        <\/div>\r\n\r\n\t\t\t        \r\n\t\t            <div class=\"content\">\r\n\r\n\t\t            \t \r\n\t\t\t            \t<ul class=\"post-meta\">\r\n\t\t\t            \t \t \r\n\t\t\t            \t \t\t<li class=\"item-meta post-date\">\r\n\t\t\t            \t \t\t\t<span class=\"left\">\r\n\t\t\t\t\t\t\t\t\t\t    <i class=\"flaticonnew- flaticon-new-calendar\"><\/i>\r\n\t\t\t\t\t\t\t\t\t\t<\/span>\r\n\t\t\t\t\t\t\t\t        <span class=\"right date\">\r\n\t\t\t\t\t\t\t\t        \t19 Mar 2025\t\t\t\t\t\t\t\t        <\/span> \r\n\t\t\t\t\t\t\t        <\/li>\r\n\t\t\t\t\t\t\t    \r\n\t\t\t\t\t\t\t    \t\t\t\t\t\t\t\t\t<span class=\"separator\">&mdash;<\/span>\r\n\t\t\t\t\t\t\t\t\t                            \r\n\t                            \t\t\t\t\t\t    <\/ul>\r\n\t\t\t\t\t\t\r\n\t\t\t\t\t\t\r\n\t\t\t\t\t\t\t\t\t\t            <h2 class=\"post-title\">\r\n\t\t\t\t\t\t        <a href=\"https:\/\/karacatechnology.com\/en\/enhancing-customer-experience-in-restaurants-and-cafes-with-qr-menu-systems\/\" rel=\"bookmark\" title=\"Enhancing Customer Experience in Restaurants and Cafes with QR Menu Systems\">\r\n\t\t\t\t\t\t          Enhancing Customer Experience in Restaurants and Cafes with QR Menu Systems\t\t\t\t\t\t        <\/a>\r\n\t\t\t\t\t\t    <\/h2>\r\n\t\t\t\t\t    \r\n\t\t\t\t\t    \r\n\t\t\t\t\t    \t\t\t\t\t\t    <a class=\"read-more\" href=\"https:\/\/karacatechnology.com\/en\/enhancing-customer-experience-in-restaurants-and-cafes-with-qr-menu-systems\/\" title=\"Enhancing Customer Experience in Restaurants and Cafes with QR Menu Systems\">\r\n\t\t\t\t\t\t    \tDaha fazla bilgi edinin\t\t\t\t\t    \t\t<span class=\"icon-read-more\">\r\n\t\t\t\t\t    \t\t\t<i aria-hidden=\"true\" class=\"ovaicon ovaicon-right-arrow\"><\/i>\r\n\t\t\t\t\t    \t\t<\/span>\r\n\t\t\t\t\t\t    <\/a>\r\n\t\t\t\t\t    \t\t\t\t\r\n\t\t            <\/div>\r\n\r\n\t\t\t\t<\/li>\t\r\n\t\t\t\t\t\r\n\t\t\t\t\t<\/ul>\r\n\t\t\r\n\t\t\r\n\t\t\t\t\t\t<\/div>\n\t\t\t\t<\/div>\n\t\t\t\t\t<\/div>\n\t\t\t\t<\/div>\n\t\t\t\t<\/div>\n\t\t","protected":false},"excerpt":{"rendered":"<p>19 Mar 2025 &mdash; Yerel SEO Stratejileri ile \u0130\u015fletmenizi Haritalarda \u00d6ne \u00c7\u0131kar\u0131n Daha fazla bilgi edinin 19 Mar 2025 &mdash; Web Sitesi A\u00e7madan \u00d6nce Bilmeniz Gerekenler: 2025 G\u00fcncellenmi\u015f Rehber Daha fazla bilgi edinin 19 Mar 2025 &mdash; Sosyal Medya Reklamlar\u0131 ile Marka Bilinirli\u011finizi Art\u0131rman\u0131n Yollar\u0131 Daha fazla bilgi edinin 19 Mar 2025 &mdash; \u015eirketler \u0130\u00e7in [&hellip;]<\/p>\n","protected":false},"author":1,"featured_media":17031,"parent":0,"menu_order":0,"comment_status":"closed","ping_status":"closed","template":"elementor_theme","meta":{"footnotes":""},"class_list":["post-17223","page","type-page","status-publish","has-post-thumbnail","hentry"],"yoast_head":"<!-- This site is optimized with the Yoast SEO Premium plugin v22.3 (Yoast SEO v27.1) - https:\/\/yoast.com\/product\/yoast-seo-premium-wordpress\/ -->\n<title>Blog | Karaca Teknoloji<\/title>\n<meta name=\"robots\" content=\"index, follow, max-snippet:-1, max-image-preview:large, max-video-preview:-1\" \/>\n<link rel=\"canonical\" href=\"https:\/\/karacatechnology.com\/en\/blog\/\" \/>\n<meta property=\"og:locale\" content=\"en_US\" \/>\n<meta property=\"og:type\" content=\"article\" \/>\n<meta property=\"og:title\" content=\"Blog\" \/>\n<meta property=\"og:description\" content=\"19 Mar 2025 &mdash; Yerel SEO Stratejileri ile \u0130\u015fletmenizi Haritalarda \u00d6ne \u00c7\u0131kar\u0131n Daha fazla bilgi edinin 19 Mar 2025 &mdash; Web Sitesi A\u00e7madan \u00d6nce Bilmeniz Gerekenler: 2025 G\u00fcncellenmi\u015f Rehber Daha fazla bilgi edinin 19 Mar 2025 &mdash; Sosyal Medya Reklamlar\u0131 ile Marka Bilinirli\u011finizi Art\u0131rman\u0131n Yollar\u0131 Daha fazla bilgi edinin 19 Mar 2025 &mdash; \u015eirketler \u0130\u00e7in [&hellip;]\" \/>\n<meta property=\"og:url\" content=\"https:\/\/karacatechnology.com\/en\/blog\/\" \/>\n<meta property=\"og:site_name\" content=\"Karaca Teknoloji\" \/>\n<meta property=\"article:publisher\" content=\"https:\/\/www.facebook.com\/karacatechnology\" \/>\n<meta property=\"article:modified_time\" content=\"2025-03-21T02:48:14+00:00\" \/>\n<meta property=\"og:image\" content=\"https:\/\/karacatechnology.com\/wp-content\/uploads\/2024\/04\/karacalogom.png\" \/>\n\t<meta property=\"og:image:width\" content=\"627\" \/>\n\t<meta property=\"og:image:height\" content=\"757\" \/>\n\t<meta property=\"og:image:type\" content=\"image\/png\" \/>\n<meta name=\"twitter:card\" content=\"summary_large_image\" \/>\n<meta name=\"twitter:label1\" content=\"Est. reading time\" \/>\n\t<meta name=\"twitter:data1\" content=\"1 minute\" \/>\n<script type=\"application\/ld+json\" class=\"yoast-schema-graph\">{\"@context\":\"https:\/\/schema.org\",\"@graph\":[{\"@type\":\"WebPage\",\"@id\":\"https:\/\/karacatechnology.com\/en\/blog\/\",\"url\":\"https:\/\/karacatechnology.com\/en\/blog\/\",\"name\":\"Blog | Karaca Teknoloji\",\"isPartOf\":{\"@id\":\"https:\/\/karacatechnology.com\/en\/#website\"},\"primaryImageOfPage\":{\"@id\":\"https:\/\/karacatechnology.com\/en\/blog\/#primaryimage\"},\"image\":{\"@id\":\"https:\/\/karacatechnology.com\/en\/blog\/#primaryimage\"},\"thumbnailUrl\":\"https:\/\/karacatechnology.com\/wp-content\/uploads\/2024\/04\/karacalogom.png\",\"datePublished\":\"2022-03-03T05:36:14+00:00\",\"dateModified\":\"2025-03-21T02:48:14+00:00\",\"breadcrumb\":{\"@id\":\"https:\/\/karacatechnology.com\/en\/blog\/#breadcrumb\"},\"inLanguage\":\"en-US\",\"potentialAction\":[{\"@type\":\"ReadAction\",\"target\":[\"https:\/\/karacatechnology.com\/en\/blog\/\"]}]},{\"@type\":\"ImageObject\",\"inLanguage\":\"en-US\",\"@id\":\"https:\/\/karacatechnology.com\/en\/blog\/#primaryimage\",\"url\":\"https:\/\/karacatechnology.com\/wp-content\/uploads\/2024\/04\/karacalogom.png\",\"contentUrl\":\"https:\/\/karacatechnology.com\/wp-content\/uploads\/2024\/04\/karacalogom.png\",\"width\":627,\"height\":757},{\"@type\":\"BreadcrumbList\",\"@id\":\"https:\/\/karacatechnology.com\/en\/blog\/#breadcrumb\",\"itemListElement\":[{\"@type\":\"ListItem\",\"position\":1,\"name\":\"Anasayfa\",\"item\":\"https:\/\/karacatechnology.com\/en\/\"},{\"@type\":\"ListItem\",\"position\":2,\"name\":\"Blog\"}]},{\"@type\":\"WebSite\",\"@id\":\"https:\/\/karacatechnology.com\/en\/#website\",\"url\":\"https:\/\/karacatechnology.com\/en\/\",\"name\":\"Karaca Teknoloji\",\"description\":\"Dijital D\u00fcnya&#039;da Yerini Daha Almad\u0131n M\u0131?\",\"publisher\":{\"@id\":\"https:\/\/karacatechnology.com\/en\/#organization\"},\"potentialAction\":[{\"@type\":\"SearchAction\",\"target\":{\"@type\":\"EntryPoint\",\"urlTemplate\":\"https:\/\/karacatechnology.com\/en\/?s={search_term_string}\"},\"query-input\":{\"@type\":\"PropertyValueSpecification\",\"valueRequired\":true,\"valueName\":\"search_term_string\"}}],\"inLanguage\":\"en-US\"},{\"@type\":\"Organization\",\"@id\":\"https:\/\/karacatechnology.com\/en\/#organization\",\"name\":\"Karaca Teknoloji\",\"alternateName\":\"Karaca Technology\",\"url\":\"https:\/\/karacatechnology.com\/en\/\",\"logo\":{\"@type\":\"ImageObject\",\"inLanguage\":\"en-US\",\"@id\":\"https:\/\/karacatechnology.com\/en\/#\/schema\/logo\/image\/\",\"url\":\"https:\/\/karacatechnology.com\/wp-content\/uploads\/2025\/03\/logo.webp\",\"contentUrl\":\"https:\/\/karacatechnology.com\/wp-content\/uploads\/2025\/03\/logo.webp\",\"width\":2048,\"height\":2048,\"caption\":\"Karaca Teknoloji\"},\"image\":{\"@id\":\"https:\/\/karacatechnology.com\/en\/#\/schema\/logo\/image\/\"},\"sameAs\":[\"https:\/\/www.facebook.com\/karacatechnology\",\"https:\/\/tr.linkedin.com\/company\/karacatechnology\",\"https:\/\/www.instagram.com\/karacatechnology\"],\"description\":\"T\u00fcrkiye genelinde yaz\u0131l\u0131m \u00e7\u00f6z\u00fcmleri, web tasar\u0131m, SEO ve dijital pazarlama hizmetleri sunuyoruz. \u0130\u015fletmenizin dijital d\u00f6n\u00fc\u015f\u00fcm\u00fcn\u00fc profesyonel ekibimizle sa\u011flay\u0131n.\",\"email\":\"info@karacatechnology.com\",\"telephone\":\"+905347242532\",\"legalName\":\"Karaca Teknoloji\"}]}<\/script>\n<!-- \/ Yoast SEO Premium plugin. -->","yoast_head_json":{"title":"Blog | Karaca Teknoloji","robots":{"index":"index","follow":"follow","max-snippet":"max-snippet:-1","max-image-preview":"max-image-preview:large","max-video-preview":"max-video-preview:-1"},"canonical":"https:\/\/karacatechnology.com\/en\/blog\/","og_locale":"en_US","og_type":"article","og_title":"Blog","og_description":"19 Mar 2025 &mdash; Yerel SEO Stratejileri ile \u0130\u015fletmenizi Haritalarda \u00d6ne \u00c7\u0131kar\u0131n Daha fazla bilgi edinin 19 Mar 2025 &mdash; Web Sitesi A\u00e7madan \u00d6nce Bilmeniz Gerekenler: 2025 G\u00fcncellenmi\u015f Rehber Daha fazla bilgi edinin 19 Mar 2025 &mdash; Sosyal Medya Reklamlar\u0131 ile Marka Bilinirli\u011finizi Art\u0131rman\u0131n Yollar\u0131 Daha fazla bilgi edinin 19 Mar 2025 &mdash; \u015eirketler \u0130\u00e7in [&hellip;]","og_url":"https:\/\/karacatechnology.com\/en\/blog\/","og_site_name":"Karaca Teknoloji","article_publisher":"https:\/\/www.facebook.com\/karacatechnology","article_modified_time":"2025-03-21T02:48:14+00:00","og_image":[{"width":627,"height":757,"url":"https:\/\/karacatechnology.com\/wp-content\/uploads\/2024\/04\/karacalogom.png","type":"image\/png"}],"twitter_card":"summary_large_image","twitter_misc":{"Est. reading time":"1 minute"},"schema":{"@context":"https:\/\/schema.org","@graph":[{"@type":"WebPage","@id":"https:\/\/karacatechnology.com\/en\/blog\/","url":"https:\/\/karacatechnology.com\/en\/blog\/","name":"Blog | Karaca Teknoloji","isPartOf":{"@id":"https:\/\/karacatechnology.com\/en\/#website"},"primaryImageOfPage":{"@id":"https:\/\/karacatechnology.com\/en\/blog\/#primaryimage"},"image":{"@id":"https:\/\/karacatechnology.com\/en\/blog\/#primaryimage"},"thumbnailUrl":"https:\/\/karacatechnology.com\/wp-content\/uploads\/2024\/04\/karacalogom.png","datePublished":"2022-03-03T05:36:14+00:00","dateModified":"2025-03-21T02:48:14+00:00","breadcrumb":{"@id":"https:\/\/karacatechnology.com\/en\/blog\/#breadcrumb"},"inLanguage":"en-US","potentialAction":[{"@type":"ReadAction","target":["https:\/\/karacatechnology.com\/en\/blog\/"]}]},{"@type":"ImageObject","inLanguage":"en-US","@id":"https:\/\/karacatechnology.com\/en\/blog\/#primaryimage","url":"https:\/\/karacatechnology.com\/wp-content\/uploads\/2024\/04\/karacalogom.png","contentUrl":"https:\/\/karacatechnology.com\/wp-content\/uploads\/2024\/04\/karacalogom.png","width":627,"height":757},{"@type":"BreadcrumbList","@id":"https:\/\/karacatechnology.com\/en\/blog\/#breadcrumb","itemListElement":[{"@type":"ListItem","position":1,"name":"Anasayfa","item":"https:\/\/karacatechnology.com\/en\/"},{"@type":"ListItem","position":2,"name":"Blog"}]},{"@type":"WebSite","@id":"https:\/\/karacatechnology.com\/en\/#website","url":"https:\/\/karacatechnology.com\/en\/","name":"Karaca Teknoloji","description":"Dijital D\u00fcnya&#039;da Yerini Daha Almad\u0131n M\u0131?","publisher":{"@id":"https:\/\/karacatechnology.com\/en\/#organization"},"potentialAction":[{"@type":"SearchAction","target":{"@type":"EntryPoint","urlTemplate":"https:\/\/karacatechnology.com\/en\/?s={search_term_string}"},"query-input":{"@type":"PropertyValueSpecification","valueRequired":true,"valueName":"search_term_string"}}],"inLanguage":"en-US"},{"@type":"Organization","@id":"https:\/\/karacatechnology.com\/en\/#organization","name":"Karaca Teknoloji","alternateName":"Karaca Technology","url":"https:\/\/karacatechnology.com\/en\/","logo":{"@type":"ImageObject","inLanguage":"en-US","@id":"https:\/\/karacatechnology.com\/en\/#\/schema\/logo\/image\/","url":"https:\/\/karacatechnology.com\/wp-content\/uploads\/2025\/03\/logo.webp","contentUrl":"https:\/\/karacatechnology.com\/wp-content\/uploads\/2025\/03\/logo.webp","width":2048,"height":2048,"caption":"Karaca Teknoloji"},"image":{"@id":"https:\/\/karacatechnology.com\/en\/#\/schema\/logo\/image\/"},"sameAs":["https:\/\/www.facebook.com\/karacatechnology","https:\/\/tr.linkedin.com\/company\/karacatechnology","https:\/\/www.instagram.com\/karacatechnology"],"description":"T\u00fcrkiye genelinde yaz\u0131l\u0131m \u00e7\u00f6z\u00fcmleri, web tasar\u0131m, SEO ve dijital pazarlama hizmetleri sunuyoruz. \u0130\u015fletmenizin dijital d\u00f6n\u00fc\u015f\u00fcm\u00fcn\u00fc profesyonel ekibimizle sa\u011flay\u0131n.","email":"info@karacatechnology.com","telephone":"+905347242532","legalName":"Karaca Teknoloji"}]}},"_links":{"self":[{"href":"https:\/\/karacatechnology.com\/en\/wp-json\/wp\/v2\/pages\/17223","targetHints":{"allow":["GET"]}}],"collection":[{"href":"https:\/\/karacatechnology.com\/en\/wp-json\/wp\/v2\/pages"}],"about":[{"href":"https:\/\/karacatechnology.com\/en\/wp-json\/wp\/v2\/types\/page"}],"author":[{"embeddable":true,"href":"https:\/\/karacatechnology.com\/en\/wp-json\/wp\/v2\/users\/1"}],"replies":[{"embeddable":true,"href":"https:\/\/karacatechnology.com\/en\/wp-json\/wp\/v2\/comments?post=17223"}],"version-history":[{"count":7,"href":"https:\/\/karacatechnology.com\/en\/wp-json\/wp\/v2\/pages\/17223\/revisions"}],"predecessor-version":[{"id":17312,"href":"https:\/\/karacatechnology.com\/en\/wp-json\/wp\/v2\/pages\/17223\/revisions\/17312"}],"wp:featuredmedia":[{"embeddable":true,"href":"https:\/\/karacatechnology.com\/en\/wp-json\/wp\/v2\/media\/17031"}],"wp:attachment":[{"href":"https:\/\/karacatechnology.com\/en\/wp-json\/wp\/v2\/media?parent=17223"}],"curies":[{"name":"wp","href":"https:\/\/api.w.org\/{rel}","templated":true}]}}